{"id":1767,"date":"2023-01-16T12:11:33","date_gmt":"2023-01-16T12:11:33","guid":{"rendered":"https:\/\/daun-boverath.de\/wp\/?page_id=1767"},"modified":"2023-01-16T12:11:33","modified_gmt":"2023-01-16T12:11:33","slug":"archiv-2020","status":"publish","type":"page","link":"https:\/\/daun-boverath.de\/wp\/archiv-2020\/","title":{"rendered":"Archiv 2020"},"content":{"rendered":"\n<p><strong><br>01.11.2020<\/strong><\/p>\n\n\n\n<p><strong>St. Martin in Boverath<\/strong><br>Da in diesem Jahr wegen Corona auch kein Martinsumzug stattfinden kann, hat der Kultur- und Versch\u00f6nerungsverein Boverath e.V. eine \u201eLaternen Fenster Aktion\u201c gestartet. Weitere Informationen dazu gibt es unter folgendem&nbsp;<a href=\"http:\/\/www.kuvv-boverath.de\/\">Link auf der Internetseite des Kultur- und Versch\u00f6nerungsvereins Boverath e.V.<\/a>&nbsp;.<\/p>\n\n\n\n<p><strong>04.10.2020<\/strong><\/p>\n\n\n\n<p><strong>Neue Ruheb\u00e4nke<\/strong><br>Der Kultur- und Versch\u00f6nerungsverein Boverath e.V. hat 3 neue Ruheb\u00e4nke im Dorf aufstellen lassen und zu einer Bankeinweihung eingeladen. Weitere Informationen gibt es hier&nbsp;<a href=\"https:\/\/daun-boverath.de\/wp\/wp-content\/uploads\/2020\/11\/Einladung-Bankeinweihung-am-04.10.2020.pdf\" target=\"_blank\" rel=\"noreferrer noopener\">\u201eEinladung zur Bankeinweihung\u201c<\/a>&nbsp;und&nbsp;<a href=\"http:\/\/www.kuvv-boverath.de\/\">hier<\/a>.<\/p>\n\n\n\n<p><strong>16.09.2020<\/strong><\/p>\n\n\n\n<p><strong>Niederschrift Ortsbeirat<\/strong><br>Die Niederschrift \u00fcber die Sitzung des Ortsbeirates Boverath vom 07.09.2020 ist auf der Seite&nbsp;<a href=\"https:\/\/daun-boverath.de\/wp\/dorfleben\/ortsbeirat\/\" target=\"_blank\" rel=\"noreferrer noopener\">\u201eOrtsbeirat\u201c<\/a>&nbsp;eingestellt.<\/p>\n\n\n\n<p><strong>06.09.2020<\/strong><\/p>\n\n\n\n<p><strong>Information zur Verlegung der Bushaltestelle im Oberdorf<br><\/strong>Seit dem 01.09.2020 hat es eine gravierende Ver\u00e4nderung im Bereich des \u00d6ffentlichen Personennahverkehrs (\u00d6PNV) in Boverath gegeben.<\/p>\n\n\n\n<p>Das zust\u00e4ndige Busunternehmen \u201eDB Regio Rhein-Mosel-Bus\u201c hat im Rahmen von routinem\u00e4\u00dfigen Streckenkontrollen festgestellt, dass der Buswendeplatz im Oberdorf nicht f\u00fcr ein ordnungsgem\u00e4\u00dfes Anfahren geeignet ist. Das \u201eWenden in einem Zug\u201c ist hier nicht m\u00f6glich. Dies ist aber nach der Stra\u00dfenverkehrsordnung zwingend so vorgeschrieben. Die Tatsache, dass dies so seit \u00fcber 40 Jahren praktiziert wird, ist leider keine Rechtfertigung f\u00fcr die Fortf\u00fchrung dieses Verfahrens. Aus diesem Grund wird seit dem 01.09.2020 vorerst die Bushaltestelle im Oberdorf (\u201eBoverath Backhaus\u201c) nicht mehr angefahren.<br>Zust\u00e4ndig f\u00fcr diese Entscheidungen ist im Rahmen der Bef\u00f6rderung von Kindergarten- und Schulkindern der Landkreis Vulkaneifel bzw. f\u00fcr die anderen Nutzer des \u00d6PNV der Verkehrsverbund Region Trier (VRT). Weder Boverath noch die Stadt Daun haben hier eine Entscheidungskompetenz.<\/p>\n\n\n\n<p>Dies hat zur Konsequenz, dass alle Nutzer des Busses (vor allem die Kindergarten- und Schulkinder, aber auch andere Nutzer) nunmehr ausschlie\u00dflich an der Bushaltestelle im Unterdorf (\u201eBoverath Wei\u00dfdornweg\u201c) einsteigen k\u00f6nnen. Da sich der Bus aber auch dort nicht ordnungsgem\u00e4\u00df drehen kann, f\u00e4hrt er derzeit durch den Bereich \u201eHerrenwies\u201c (Wildrosenweg-Maubachweg) zur\u00fcck auf die Boverather Stra\u00dfe wieder ortsausw\u00e4rts. Eine andere M\u00f6glichkeit in Boverath auf der \u00f6ffentlichen Stra\u00dfe \u201ein einem Zug zu drehen\u201c bzw. rund zu fahren besteht nicht. Seitens der Kreisverwaltung Vulkaneifel besteht daher das Angebot, im Bereich der Einm\u00fcndung des Maubachweges (alter Weg) in die Boverather Stra\u00dfe eine&nbsp;\u00dcbergangshaltestelle einzurichten.<\/p>\n\n\n\n<p>Im Rahmen der&nbsp;<strong><u>Sitzung des Ortsbeirates am Montag, 07.09.2020 (Beginn: 19.00 Uhr im B\u00fcrgerhaus Boverath)<\/u><\/strong>&nbsp;wird das o.a. Thema unter Tagesordnungspunkt 2 behandelt (siehe hierzu die Ank\u00fcndigung im Mitteilungsblatt vom 28.08.2020). An der Sitzung wird auch eine Vertreterin der Kreisverwaltung Vulkaneifel teilnehmen.<br><strong>Alle Boverather sind hierzu herzlich eingeladen.<br><\/strong><em>gez. Dieter Oster, Ortsvorsteher<\/em><br><\/p>\n\n\n\n<p><strong>19.01.2020<\/strong><\/p>\n\n\n\n<p><strong>Einladung zur Einwohnerversammlung<\/strong><br>Alle Boverather B\u00fcrgerinnen und B\u00fcrger sind herzlich zur n\u00e4chsten Einwohnerversammlung am&nbsp;<strong>Samstag, den 01.02.2020<\/strong>&nbsp;um 19.00 Uhr in das Boverather B\u00fcrgerhaus eingeladen. Die Einladung mit den Themen finden Sie&nbsp;<a href=\"https:\/\/daun-boverath.de\/wp\/wp-content\/uploads\/2020\/01\/Einwohnerversammlung-am-01.02.2020-Einladung.pdf\">\u2026 hier.<\/a><br><em>gez. Dieter Oster, Ortsvorsteher<\/em><br><\/p>\n\n\n\n<p><strong>18.01<\/strong><strong>.2020<\/strong><\/p>\n\n\n\n<p><strong>Nachruf Joachim Lange<\/strong><br>Wir trauern um Joachim Lange, der am 10.01.2020 pl\u00f6tzlich und unerwartet verstorben ist.&nbsp;<a href=\"https:\/\/daun-boverath.de\/wp\/wp-content\/uploads\/2020\/01\/Nachruf-Joachim-Lange.pdf\">\u2026 Nachruf<\/a><\/p>\n\n\n\n<p><strong>05.01.2020<\/strong><\/p>\n\n\n\n<p><strong>Einladung zur Einwohnerversammlung mit anschlie\u00dfendem gem\u00fctlichen Umtrunk<\/strong><br>VERLEGT AUF DEN 01.02.2020<br>Alle Boverather B\u00fcrgerinnen und B\u00fcrger sind herzlich zur n\u00e4chsten Einwohnerversammlung am&nbsp;<strong>Samstag, den 18.01.2020<\/strong>&nbsp;um 19.00 Uhr in das Boverather B\u00fcrgerhaus eingeladen. Die Einladung mit den Themen finden Sie&nbsp;<a href=\"https:\/\/daun-boverath.de\/wp\/wp-content\/uploads\/2020\/01\/Einwohnerversammlung-am-18.01.2020-Einladung.pdf\">\u2026 hier.<\/a><br>Im Anschluss an den offiziellen Teil lade ich alle Boverather zu einem gem\u00fctlichen&nbsp;<strong><u>Umtrunk<\/u><\/strong>&nbsp;ein. In gem\u00fctlicher Runde freue ich mich darauf, die Gespr\u00e4che, Ideen und Planungen f\u00fcr unser Dorf fortzuf\u00fchren und mich f\u00fcr die vielf\u00e4ltige Hilfe und das Engagement f\u00fcr unser Dorf im abgelaufenen Jahr herzlich zu bedanken.<br><em>gez. Dieter Oster, Ortsvorsteher<\/em><br><\/p>\n\n\n\n<p><strong>01.01.2020<\/strong><\/p>\n\n\n\n<p><strong>Neujahrsw\u00fcnsche des Ortsvorstehers<\/strong><br>Ich w\u00fcnsche allen Boverather B\u00fcrgerinnen und B\u00fcrgern ein gesundes, frohes und erfolgreiches Jahr 2020.<br><em>Dieter Oster, Ortsvorsteher<\/em><\/p>\n","protected":false},"excerpt":{"rendered":"<p>01.11.2020 St. Martin in BoverathDa in diesem Jahr wegen Corona auch kein Martinsumzug stattfinden kann, hat der Kultur- und Versch\u00f6nerungsverein Boverath e.V. eine \u201eLaternen Fenster Aktion\u201c gestartet. Weitere Informationen dazu gibt es unter folgendem&nbsp;Link auf der Internetseite des Kultur- und Versch\u00f6nerungsvereins Boverath e.V.&nbsp;. 04.10.2020 Neue Ruheb\u00e4nkeDer Kultur- und Versch\u00f6nerungsverein Boverath\u2026<\/p>\n<p> <a class=\"continue-reading-link\" href=\"https:\/\/daun-boverath.de\/wp\/archiv-2020\/\"><span>Continue reading<\/span><i class=\"crycon-right-dir\"><\/i><\/a> <\/p>\n","protected":false},"author":2,"featured_media":0,"parent":0,"menu_order":0,"comment_status":"closed","ping_status":"closed","template":"templates\/template-twocolumns-left.php","meta":[],"_links":{"self":[{"href":"https:\/\/daun-boverath.de\/wp\/wp-json\/wp\/v2\/pages\/1767"}],"collection":[{"href":"https:\/\/daun-boverath.de\/wp\/wp-json\/wp\/v2\/pages"}],"about":[{"href":"https:\/\/daun-boverath.de\/wp\/wp-json\/wp\/v2\/types\/page"}],"author":[{"embeddable":true,"href":"https:\/\/daun-boverath.de\/wp\/wp-json\/wp\/v2\/users\/2"}],"replies":[{"embeddable":true,"href":"https:\/\/daun-boverath.de\/wp\/wp-json\/wp\/v2\/comments?post=1767"}],"version-history":[{"count":1,"href":"https:\/\/daun-boverath.de\/wp\/wp-json\/wp\/v2\/pages\/1767\/revisions"}],"predecessor-version":[{"id":1768,"href":"https:\/\/daun-boverath.de\/wp\/wp-json\/wp\/v2\/pages\/1767\/revisions\/1768"}],"wp:attachment":[{"href":"https:\/\/daun-boverath.de\/wp\/wp-json\/wp\/v2\/media?parent=1767"}],"curies":[{"name":"wp","href":"https:\/\/api.w.org\/{rel}","templated":true}]}}